{"id":1078,"date":"2021-02-04T22:26:46","date_gmt":"2021-02-04T22:26:46","guid":{"rendered":"http:\/\/gok.lapszenizne.pl\/?page_id=1078"},"modified":"2021-08-03T10:04:45","modified_gmt":"2021-08-03T10:04:45","slug":"konkurs-skrzypkow-solistow-kategoria-dziecieca","status":"publish","type":"page","link":"https:\/\/gok.lapszenizne.pl\/?page_id=1078","title":{"rendered":"Konkurs skrzypk\u00f3w solist\u00f3w \u2013 kategoria dzieci\u0119ca"},"content":{"rendered":"<p><a href=\"http:\/\/gok.lapszenizne.pl\/?page_id=1023\"><span style=\"color: #993300;\"><strong>\u21d0POWR\u00d3T<\/strong><\/span><\/a><\/p>\n<hr \/>\n<p style=\"text-align: center;\"><strong>Amelia Pietraszek<\/strong><\/p>\n<p style=\"text-align: center;\"><iframe src=\"\/\/www.youtube.com\/embed\/7r_U38CLdP0\" width=\"600\" height=\"336\" allowfullscreen=\"allowfullscreen\"><\/iframe><\/p>\n<hr \/>\n<p style=\"text-align: center;\"><strong>Eliza Dudas<\/strong><\/p>\n<p style=\"text-align: center;\"><iframe src=\"\/\/www.youtube.com\/embed\/7E9k0JvFT3I\" width=\"600\" height=\"336\" allowfullscreen=\"allowfullscreen\"><\/iframe><\/p>\n<hr \/>\n<p style=\"text-align: center;\"><strong>Maja S\u0142aby<\/strong><\/p>\n<p style=\"text-align: center;\"><iframe src=\"\/\/www.youtube.com\/embed\/BH2NNY--hOY\" width=\"600\" height=\"336\" allowfullscreen=\"allowfullscreen\"><\/iframe><\/p>\n<hr \/>\n<p style=\"text-align: center;\"><strong>Marcin Bednar<\/strong><\/p>\n<p style=\"text-align: center;\"><iframe src=\"\/\/www.youtube.com\/embed\/WOPbipQXC1k\" width=\"600\" height=\"336\" allowfullscreen=\"allowfullscreen\"><\/iframe><\/p>\n<hr \/>\n<p style=\"text-align: center;\"><strong>Andrzej Krupa<\/strong><\/p>\n<p style=\"text-align: center;\"><iframe src=\"\/\/www.youtube.com\/embed\/5BOkMw3v6M0\" width=\"600\" height=\"314\" allowfullscreen=\"allowfullscreen\"><\/iframe><\/p>\n<hr \/>\n<p style=\"text-align: center;\"><strong>Nikola W\u00f3jtowicz<\/strong><\/p>\n<p style=\"text-align: center;\"><iframe src=\"\/\/www.youtube.com\/embed\/YVxxS2wmQBk\" width=\"600\" height=\"336\" allowfullscreen=\"allowfullscreen\"><\/iframe><\/p>\n<hr \/>\n<p style=\"text-align: center;\"><strong>Paulina Mo\u015b<\/strong><\/p>\n<p style=\"text-align: center;\"><iframe src=\"\/\/www.youtube.com\/embed\/Ch8jT1h8Ca0\" width=\"600\" height=\"336\" allowfullscreen=\"allowfullscreen\"><\/iframe><\/p>\n<hr \/>\n<p><a href=\"http:\/\/gok.lapszenizne.pl\/?page_id=1023\"><span style=\"color: #993300;\"><strong>\u21d0POWR\u00d3T<\/strong><\/span><\/a><\/p>\n","protected":false},"excerpt":{"rendered":"<p>\u21d0POWR\u00d3T Amelia Pietraszek Eliza Dudas Maja S\u0142aby Marcin Bednar Andrzej Krupa Nikola W\u00f3jtowicz Paulina Mo\u015b \u21d0POWR\u00d3T<\/p>\n","protected":false},"author":1,"featured_media":0,"parent":0,"menu_order":0,"comment_status":"closed","ping_status":"closed","template":"","meta":{"footnotes":""},"class_list":["post-1078","page","type-page","status-publish","hentry"],"acf":[],"_links":{"self":[{"href":"https:\/\/gok.lapszenizne.pl\/index.php?rest_route=\/wp\/v2\/pages\/1078","targetHints":{"allow":["GET"]}}],"collection":[{"href":"https:\/\/gok.lapszenizne.pl\/index.php?rest_route=\/wp\/v2\/pages"}],"about":[{"href":"https:\/\/gok.lapszenizne.pl\/index.php?rest_route=\/wp\/v2\/types\/page"}],"author":[{"embeddable":true,"href":"https:\/\/gok.lapszenizne.pl\/index.php?rest_route=\/wp\/v2\/users\/1"}],"replies":[{"embeddable":true,"href":"https:\/\/gok.lapszenizne.pl\/index.php?rest_route=%2Fwp%2Fv2%2Fcomments&post=1078"}],"version-history":[{"count":23,"href":"https:\/\/gok.lapszenizne.pl\/index.php?rest_route=\/wp\/v2\/pages\/1078\/revisions"}],"predecessor-version":[{"id":1242,"href":"https:\/\/gok.lapszenizne.pl\/index.php?rest_route=\/wp\/v2\/pages\/1078\/revisions\/1242"}],"wp:attachment":[{"href":"https:\/\/gok.lapszenizne.pl\/index.php?rest_route=%2Fwp%2Fv2%2Fmedia&parent=1078"}],"curies":[{"name":"wp","href":"https:\/\/api.w.org\/{rel}","templated":true}]}}