{"id":1088,"date":"2021-02-04T22:39:12","date_gmt":"2021-02-04T22:39:12","guid":{"rendered":"http:\/\/gok.lapszenizne.pl\/?page_id=1088"},"modified":"2021-08-03T10:04:45","modified_gmt":"2021-08-03T10:04:45","slug":"konkurs-skrzypkow-solistow-kategoria-mlodziezowa","status":"publish","type":"page","link":"https:\/\/gok.lapszenizne.pl\/?page_id=1088","title":{"rendered":"Konkurs skrzypk\u00f3w solist\u00f3w &#8211; kategoria m\u0142odzie\u017cowa"},"content":{"rendered":"<p><a href=\"http:\/\/gok.lapszenizne.pl\/?page_id=1023\"><span style=\"color: #993300;\"><strong>\u21d0POWR\u00d3T<\/strong><\/span><\/a><\/p>\n<hr \/>\n<p style=\"text-align: center;\"><strong>Alicja Gryglak<\/strong><\/p>\n<p style=\"text-align: center;\"><iframe src=\"\/\/www.youtube.com\/embed\/oXLoOt2m0e4\" width=\"600\" height=\"336\" allowfullscreen=\"allowfullscreen\"><\/iframe><\/p>\n<hr \/>\n<p style=\"text-align: center;\"><strong>Alicja Mondel<\/strong><\/p>\n<p style=\"text-align: center;\"><iframe src=\"\/\/www.youtube.com\/embed\/IqhC1E7_65Q\" width=\"600\" height=\"336\" allowfullscreen=\"allowfullscreen\"><\/iframe><\/p>\n<hr \/>\n<p style=\"text-align: center;\"><strong>Bartek Budz<\/strong><\/p>\n<p style=\"text-align: center;\"><iframe src=\"\/\/www.youtube.com\/embed\/C3OfFsQaw9o\" width=\"600\" height=\"336\" allowfullscreen=\"allowfullscreen\"><\/iframe><\/p>\n<hr \/>\n<p style=\"text-align: center;\"><strong>Bart\u0142omiej Pacyga<\/strong><\/p>\n<p style=\"text-align: center;\"><iframe src=\"\/\/www.youtube.com\/embed\/LTsfpePLHsI\" width=\"600\" height=\"336\" allowfullscreen=\"allowfullscreen\"><\/iframe><\/p>\n<hr \/>\n<p style=\"text-align: center;\"><strong>Gabriela So\u0142tys<\/strong><\/p>\n<p style=\"text-align: center;\"><iframe src=\"\/\/www.youtube.com\/embed\/9-0AH5I7A68\" width=\"600\" height=\"336\" allowfullscreen=\"allowfullscreen\"><\/iframe><\/p>\n<hr \/>\n<p style=\"text-align: center;\"><strong>Zuzanna Pietraszek<\/strong><\/p>\n<p style=\"text-align: center;\"><iframe src=\"\/\/www.youtube.com\/embed\/lUzKn8yvPyY\" width=\"600\" height=\"336\" allowfullscreen=\"allowfullscreen\"><\/iframe><\/p>\n<hr \/>\n<p><a href=\"http:\/\/gok.lapszenizne.pl\/?page_id=1023\"><span style=\"color: #993300;\"><strong>\u21d0POWR\u00d3T<\/strong><\/span><\/a><\/p>\n","protected":false},"excerpt":{"rendered":"<p>\u21d0POWR\u00d3T Alicja Gryglak Alicja Mondel Bartek Budz Bart\u0142omiej Pacyga Gabriela So\u0142tys Zuzanna Pietraszek \u21d0POWR\u00d3T<\/p>\n","protected":false},"author":1,"featured_media":0,"parent":0,"menu_order":0,"comment_status":"closed","ping_status":"closed","template":"","meta":{"footnotes":""},"class_list":["post-1088","page","type-page","status-publish","hentry"],"acf":[],"_links":{"self":[{"href":"https:\/\/gok.lapszenizne.pl\/index.php?rest_route=\/wp\/v2\/pages\/1088","targetHints":{"allow":["GET"]}}],"collection":[{"href":"https:\/\/gok.lapszenizne.pl\/index.php?rest_route=\/wp\/v2\/pages"}],"about":[{"href":"https:\/\/gok.lapszenizne.pl\/index.php?rest_route=\/wp\/v2\/types\/page"}],"author":[{"embeddable":true,"href":"https:\/\/gok.lapszenizne.pl\/index.php?rest_route=\/wp\/v2\/users\/1"}],"replies":[{"embeddable":true,"href":"https:\/\/gok.lapszenizne.pl\/index.php?rest_route=%2Fwp%2Fv2%2Fcomments&post=1088"}],"version-history":[{"count":4,"href":"https:\/\/gok.lapszenizne.pl\/index.php?rest_route=\/wp\/v2\/pages\/1088\/revisions"}],"predecessor-version":[{"id":1241,"href":"https:\/\/gok.lapszenizne.pl\/index.php?rest_route=\/wp\/v2\/pages\/1088\/revisions\/1241"}],"wp:attachment":[{"href":"https:\/\/gok.lapszenizne.pl\/index.php?rest_route=%2Fwp%2Fv2%2Fmedia&parent=1088"}],"curies":[{"name":"wp","href":"https:\/\/api.w.org\/{rel}","templated":true}]}}