{"id":1100,"date":"2021-02-04T22:44:35","date_gmt":"2021-02-04T22:44:35","guid":{"rendered":"http:\/\/gok.lapszenizne.pl\/?page_id=1100"},"modified":"2021-08-03T10:04:45","modified_gmt":"2021-08-03T10:04:45","slug":"konkurs-spiewakow-solistow-kategoria-dziecieca","status":"publish","type":"page","link":"https:\/\/gok.lapszenizne.pl\/?page_id=1100","title":{"rendered":"Konkurs \u015bpiewak\u00f3w solist\u00f3w &#8211; kategoria dzieci\u0119ca"},"content":{"rendered":"<p style=\"text-align: left;\"><a href=\"http:\/\/gok.lapszenizne.pl\/?page_id=1023\"><span style=\"color: #993300;\"><strong>\u21d0POWR\u00d3T<\/strong><\/span><\/a><\/p>\n<hr \/>\n<p style=\"text-align: center;\"><strong>Izabela \u0141ojek<\/strong><\/p>\n<p style=\"text-align: center;\"><video controls=\"controls\" width=\"600\" height=\"300\" data-mce-fragment=\"1\"><source src=\"http:\/\/gok.lapszenizne.pl\/wp-content\/uploads\/2021\/02\/zwyki2021\/Izabela-\u0141ojek-\u015bpiewak-kat.dzieci\u0119ca.mp4\" type=\"video\/mp4\" \/><\/video><\/p>\n<hr \/>\n<p style=\"text-align: center;\"><strong>Judyta Dudas<\/strong><\/p>\n<p style=\"text-align: center;\"><video controls=\"controls\" width=\"600\" height=\"300\" data-mce-fragment=\"1\"><source src=\"http:\/\/gok.lapszenizne.pl\/wp-content\/uploads\/2021\/02\/zwyki2021\/Judyta Dudas-\u015bpiewak-kat.dzieci\u0119ca.mp4\" type=\"video\/mp4\" \/><\/video><\/p>\n<hr \/>\n<p style=\"text-align: center;\"><strong>Justyna Molitorys<\/strong><\/p>\n<p style=\"text-align: center;\"><video controls=\"controls\" width=\"600\" height=\"300\" data-mce-fragment=\"1\"><source src=\"http:\/\/gok.lapszenizne.pl\/wp-content\/uploads\/2021\/02\/zwyki2021\/Justyna Molitorys - \u015bpiewak - kat. dzieci\u0119ca.mp4\" type=\"video\/mp4\" \/><\/video><\/p>\n<hr \/>\n<p style=\"text-align: center;\"><strong>Karolina Lach<br \/>\n<\/strong><\/p>\n<p style=\"text-align: center;\"><video controls=\"controls\" width=\"600\" height=\"300\" data-mce-fragment=\"1\"><source src=\"http:\/\/gok.lapszenizne.pl\/wp-content\/uploads\/2021\/02\/zwyki2021\/Karolina-Lach-\u015bpiewak-kat.dzieci\u0119ca.mp4\" type=\"video\/mp4\" \/><\/video><\/p>\n<hr \/>\n<p style=\"text-align: center;\"><strong>Katarzyna Kaczmarczyk<\/strong><\/p>\n<p style=\"text-align: center;\"><video controls=\"controls\" width=\"600\" height=\"300\" data-mce-fragment=\"1\"><source src=\"http:\/\/gok.lapszenizne.pl\/wp-content\/uploads\/2021\/02\/zwyki2021\/Katarzyna-Kaczmarczyk-\u015bpiewak-kat.dzieci\u0119ca.mp4\" type=\"video\/mp4\" \/><\/video><\/p>\n<hr \/>\n<p style=\"text-align: center;\"><strong>Lena Kowalczyk<\/strong><\/p>\n<p style=\"text-align: center;\"><video controls=\"controls\" width=\"600\" height=\"300\" data-mce-fragment=\"1\"><source src=\"http:\/\/gok.lapszenizne.pl\/wp-content\/uploads\/2021\/02\/zwyki2021\/Lena-Kowalczyk-\u015bpiewak-kat.dzieci\u0119ca.mp4\" type=\"video\/mp4\" \/><\/video><\/p>\n<hr \/>\n<p style=\"text-align: center;\"><strong>Nadia Baran<\/strong><\/p>\n<p style=\"text-align: center;\"><video controls=\"controls\" width=\"600\" height=\"300\" data-mce-fragment=\"1\"><source src=\"http:\/\/gok.lapszenizne.pl\/wp-content\/uploads\/2021\/02\/zwyki2021\/Nadia-Baran-\u015bpiewak-kat.dzieci\u0119ca.mp4\" type=\"video\/mp4\" \/><\/video><\/p>\n<hr \/>\n<p style=\"text-align: center;\"><strong>Zofia Bednar<\/strong><\/p>\n<p style=\"text-align: center;\"><video controls=\"controls\" width=\"600\" height=\"300\" data-mce-fragment=\"1\"><source src=\"http:\/\/gok.lapszenizne.pl\/wp-content\/uploads\/2021\/02\/zwyki2021\/Zofia-Bednar-\u015bpiewak-kat.dzieci\u0119ca.mp4\" type=\"video\/mp4\" \/><\/video><\/p>\n<hr \/>\n<p style=\"text-align: left;\"><a href=\"http:\/\/gok.lapszenizne.pl\/?page_id=1023\"><span style=\"color: #993300;\"><strong>\u21d0POWR\u00d3T<\/strong><\/span><\/a><\/p>\n","protected":false},"excerpt":{"rendered":"<p>\u21d0POWR\u00d3T Izabela \u0141ojek Judyta Dudas Justyna Molitorys Karolina Lach Katarzyna Kaczmarczyk Lena Kowalczyk Nadia Baran Zofia Bednar \u21d0POWR\u00d3T<\/p>\n","protected":false},"author":1,"featured_media":0,"parent":0,"menu_order":0,"comment_status":"closed","ping_status":"closed","template":"","meta":{"footnotes":""},"class_list":["post-1100","page","type-page","status-publish","hentry"],"acf":[],"_links":{"self":[{"href":"https:\/\/gok.lapszenizne.pl\/index.php?rest_route=\/wp\/v2\/pages\/1100","targetHints":{"allow":["GET"]}}],"collection":[{"href":"https:\/\/gok.lapszenizne.pl\/index.php?rest_route=\/wp\/v2\/pages"}],"about":[{"href":"https:\/\/gok.lapszenizne.pl\/index.php?rest_route=\/wp\/v2\/types\/page"}],"author":[{"embeddable":true,"href":"https:\/\/gok.lapszenizne.pl\/index.php?rest_route=\/wp\/v2\/users\/1"}],"replies":[{"embeddable":true,"href":"https:\/\/gok.lapszenizne.pl\/index.php?rest_route=%2Fwp%2Fv2%2Fcomments&post=1100"}],"version-history":[{"count":8,"href":"https:\/\/gok.lapszenizne.pl\/index.php?rest_route=\/wp\/v2\/pages\/1100\/revisions"}],"predecessor-version":[{"id":1254,"href":"https:\/\/gok.lapszenizne.pl\/index.php?rest_route=\/wp\/v2\/pages\/1100\/revisions\/1254"}],"wp:attachment":[{"href":"https:\/\/gok.lapszenizne.pl\/index.php?rest_route=%2Fwp%2Fv2%2Fmedia&parent=1100"}],"curies":[{"name":"wp","href":"https:\/\/api.w.org\/{rel}","templated":true}]}}