{"id":1106,"date":"2021-02-04T22:48:02","date_gmt":"2021-02-04T22:48:02","guid":{"rendered":"http:\/\/gok.lapszenizne.pl\/?page_id=1106"},"modified":"2021-08-03T10:04:45","modified_gmt":"2021-08-03T10:04:45","slug":"konkurs-grup-spiewaczych-kategoria-dziecieca","status":"publish","type":"page","link":"https:\/\/gok.lapszenizne.pl\/?page_id=1106","title":{"rendered":"Konkurs grup \u015bpiewaczych &#8211; kategoria dzieci\u0119ca"},"content":{"rendered":"<p style=\"text-align: left;\"><a href=\"http:\/\/gok.lapszenizne.pl\/?page_id=1023\"><span style=\"color: #993300;\"><strong>\u21d0POWR\u00d3T<\/strong><\/span><\/a><\/p>\n<hr \/>\n<p style=\"text-align: center;\"><span style=\"font-size: 20px;\"><strong>kl. III z ZPO w Niedzicy w sk\u0142adzie:<\/strong><\/span><\/p>\n<p style=\"text-align: center;\"><strong> Faustyna Pczelar, Julia Sulir, Emilia Szymsaj,Martyna Gro\u0144ska, Wioletta Re\u015bciak, Katarzyna P\u0119ksa, Micha\u0142 Pczelar<\/strong><\/p>\n<p style=\"text-align: center;\"><video controls=\"controls\" width=\"600\" height=\"300\" data-mce-fragment=\"1\"><source src=\"http:\/\/gok.lapszenizne.pl\/wp-content\/uploads\/2021\/02\/zwyki2021\/dzieci\u0119ca gr \u015bpiewacza kl. III z ZPO w Niedzicy.mp4\" type=\"video\/mp4\" \/><\/video><\/p>\n<hr \/>\n<p style=\"text-align: center;\"><span style=\"font-size: 20px;\"><strong>SP w \u0141apszach Ni\u017cnych w sk\u0142adzie:<\/strong><\/span><\/p>\n<p style=\"text-align: center;\"><strong> Zuzanna Boczkowska, Antonina Mazurek, Dorota Sowa, Aleksandra Ziemba<\/strong><\/p>\n<p style=\"text-align: center;\"><video controls=\"controls\" width=\"600\" height=\"300\" data-mce-fragment=\"1\"><source src=\"http:\/\/gok.lapszenizne.pl\/wp-content\/uploads\/2021\/02\/zwyki2021\/dzieci\u0119ca grupa \u015bpiewacza ze SP w \u0141apszach Ni\u017cnych.mp4\" type=\"video\/mp4\" \/><\/video><\/p>\n<hr \/>\n<p style=\"text-align: center;\"><span style=\"font-size: 20px;\"><strong>SP w \u0141apszance w sk\u0142adzie:<\/strong><\/span><\/p>\n<p style=\"text-align: center;\"><strong> Martyna Rychtarczyk, Roksana Dewera, Ewelina So\u0142tys<\/strong><\/p>\n<p style=\"text-align: center;\"><video controls=\"controls\" width=\"600\" height=\"300\" data-mce-fragment=\"1\"><source src=\"http:\/\/gok.lapszenizne.pl\/wp-content\/uploads\/2021\/02\/zwyki2021\/dzieci\u0119ca grupa \u015bpiewacza ze SP w \u0141apszance.mp4\" type=\"video\/mp4\" \/><\/video><\/p>\n<hr \/>\n<p style=\"text-align: center;\"><span style=\"font-size: 20px;\"><strong>Zesp\u00f3\u0142 Dunajec z Niedzicy w sk\u0142adzie:<\/strong><\/span><\/p>\n<p style=\"text-align: center;\"><strong> Anna Dudas, Anna Janos, Zuzanna Janos, Oliwia B\u0105ba, Aleksandra Kaszycki, Emila \u015awi\u0119ty<\/strong><\/p>\n<p style=\"text-align: center;\"><video controls=\"controls\" width=\"600\" height=\"300\" data-mce-fragment=\"1\"><source src=\"http:\/\/gok.lapszenizne.pl\/wp-content\/uploads\/2021\/02\/zwyki2021\/dzieci\u0119ca grupa \u015bpiewacza zespo\u0142u Dunajec z Niedzicy.mp4\" type=\"video\/mp4\" \/><\/video><\/p>\n<hr \/>\n<p style=\"text-align: center;\"><span style=\"font-size: 20px;\"><strong>Zesp\u00f3\u0142 Honaj w sk\u0142adzie:<\/strong><\/span><\/p>\n<p style=\"text-align: center;\"><strong> Aleksandra B\u0142achut, Daria Surma, Anna Knurowska, Nikola Bigos<\/strong><\/p>\n<p style=\"text-align: center;\"><video controls=\"controls\" width=\"600\" height=\"300\" data-mce-fragment=\"1\"><source src=\"http:\/\/gok.lapszenizne.pl\/wp-content\/uploads\/2021\/02\/zwyki2021\/dzieci\u0119ca grupa \u015bpiewacza zespo\u0142u Honaj.mp4\" type=\"video\/mp4\" \/><\/video><\/p>\n<hr \/>\n<p style=\"text-align: left;\"><a href=\"http:\/\/gok.lapszenizne.pl\/?page_id=1023\"><span style=\"color: #993300;\"><strong>\u21d0POWR\u00d3T<\/strong><\/span><\/a><\/p>\n","protected":false},"excerpt":{"rendered":"<p>\u21d0POWR\u00d3T kl. III z ZPO w Niedzicy w sk\u0142adzie: Faustyna Pczelar, Julia Sulir, Emilia Szymsaj,Martyna Gro\u0144ska, Wioletta Re\u015bciak, Katarzyna P\u0119ksa, Micha\u0142 Pczelar SP w \u0141apszach Ni\u017cnych w sk\u0142adzie: Zuzanna Boczkowska, Antonina Mazurek, Dorota Sowa, Aleksandra Ziemba SP w \u0141apszance w sk\u0142adzie: Martyna Rychtarczyk, Roksana Dewera, Ewelina So\u0142tys Zesp\u00f3\u0142 Dunajec z Niedzicy w sk\u0142adzie: Anna Dudas, Anna Janos, Zuzanna Janos, Oliwia B\u0105ba, Aleksandra Kaszycki, Emila \u015awi\u0119ty Zesp\u00f3\u0142 Honaj w sk\u0142adzie: Aleksandra B\u0142achut, Daria Surma, Anna Knurowska, Nikola Bigos \u21d0POWR\u00d3T<\/p>\n","protected":false},"author":1,"featured_media":0,"parent":0,"menu_order":0,"comment_status":"closed","ping_status":"closed","template":"","meta":{"footnotes":""},"class_list":["post-1106","page","type-page","status-publish","hentry"],"acf":[],"_links":{"self":[{"href":"https:\/\/gok.lapszenizne.pl\/index.php?rest_route=\/wp\/v2\/pages\/1106","targetHints":{"allow":["GET"]}}],"collection":[{"href":"https:\/\/gok.lapszenizne.pl\/index.php?rest_route=\/wp\/v2\/pages"}],"about":[{"href":"https:\/\/gok.lapszenizne.pl\/index.php?rest_route=\/wp\/v2\/types\/page"}],"author":[{"embeddable":true,"href":"https:\/\/gok.lapszenizne.pl\/index.php?rest_route=\/wp\/v2\/users\/1"}],"replies":[{"embeddable":true,"href":"https:\/\/gok.lapszenizne.pl\/index.php?rest_route=%2Fwp%2Fv2%2Fcomments&post=1106"}],"version-history":[{"count":4,"href":"https:\/\/gok.lapszenizne.pl\/index.php?rest_route=\/wp\/v2\/pages\/1106\/revisions"}],"predecessor-version":[{"id":1238,"href":"https:\/\/gok.lapszenizne.pl\/index.php?rest_route=\/wp\/v2\/pages\/1106\/revisions\/1238"}],"wp:attachment":[{"href":"https:\/\/gok.lapszenizne.pl\/index.php?rest_route=%2Fwp%2Fv2%2Fmedia&parent=1106"}],"curies":[{"name":"wp","href":"https:\/\/api.w.org\/{rel}","templated":true}]}}