{"id":1109,"date":"2021-02-04T22:49:16","date_gmt":"2021-02-04T22:49:16","guid":{"rendered":"http:\/\/gok.lapszenizne.pl\/?page_id=1109"},"modified":"2021-08-03T10:04:45","modified_gmt":"2021-08-03T10:04:45","slug":"konkurs-grup-spiewaczych-kategoria-mlodziezowa","status":"publish","type":"page","link":"https:\/\/gok.lapszenizne.pl\/?page_id=1109","title":{"rendered":"Konkurs grup \u015bpiewaczych &#8211; kategoria m\u0142odzie\u017cowa"},"content":{"rendered":"<p style=\"text-align: left;\"><a href=\"http:\/\/gok.lapszenizne.pl\/?page_id=1023\"><span style=\"color: #993300;\"><strong>\u21d0POWR\u00d3T<\/strong><\/span><\/a><\/p>\n<hr \/>\n<p style=\"text-align: center;\"><span style=\"font-size: 20px;\"><strong>Zesp\u00f3\u0142 Honaj w sk\u0142adzie:<\/strong><\/span><\/p>\n<p style=\"text-align: center;\"><strong> Anna Sowa, Magdalena Sowa, Julia Hornik, Aleksandra Waradzyn, Karolina Surma<\/strong><\/p>\n<p style=\"text-align: center;\"><video controls=\"controls\" width=\"600\" height=\"300\" data-mce-fragment=\"1\"><source src=\"http:\/\/gok.lapszenizne.pl\/wp-content\/uploads\/2021\/02\/zwyki2021\/m\u0142odzie\u017cowa grupa \u015bpiewacza zespo\u0142u Honaj.mp4\" type=\"video\/mp4\" \/><\/video><\/p>\n<hr \/>\n<p style=\"text-align: center;\"><strong><span style=\"font-size: 20px;\">Zesp\u00f3\u0142 Zielony Jawor w sk\u0142adzie:<\/span> <\/strong><\/p>\n<p style=\"text-align: center;\"><strong>Wiktoria Sobolak, Marzena Kalemba, Krystyna \u0141ukasz, Kamila \u0141ukasz, Julia Mo\u015b, Magdalena Palonek<\/strong><\/p>\n<p style=\"text-align: center;\"><video controls=\"controls\" width=\"600\" height=\"300\" data-mce-fragment=\"1\"><source src=\"http:\/\/gok.lapszenizne.pl\/wp-content\/uploads\/2021\/02\/zwyki2021\/m\u0142odzie\u017cowa grupa \u015bpiewacza zespo\u0142u Zielony Jawor.mp4\" type=\"video\/mp4\" \/><\/video><\/p>\n<hr \/>\n<p style=\"text-align: left;\"><a href=\"http:\/\/gok.lapszenizne.pl\/?page_id=1023\"><span style=\"color: #993300;\"><strong>\u21d0POWR\u00d3T<\/strong><\/span><\/a><\/p>\n","protected":false},"excerpt":{"rendered":"<p>\u21d0POWR\u00d3T Zesp\u00f3\u0142 Honaj w sk\u0142adzie: Anna Sowa, Magdalena Sowa, Julia Hornik, Aleksandra Waradzyn, Karolina Surma Zesp\u00f3\u0142 Zielony Jawor w sk\u0142adzie: Wiktoria Sobolak, Marzena Kalemba, Krystyna \u0141ukasz, Kamila \u0141ukasz, Julia Mo\u015b, Magdalena Palonek \u21d0POWR\u00d3T<\/p>\n","protected":false},"author":1,"featured_media":0,"parent":0,"menu_order":0,"comment_status":"closed","ping_status":"closed","template":"","meta":{"footnotes":""},"class_list":["post-1109","page","type-page","status-publish","hentry"],"acf":[],"_links":{"self":[{"href":"https:\/\/gok.lapszenizne.pl\/index.php?rest_route=\/wp\/v2\/pages\/1109","targetHints":{"allow":["GET"]}}],"collection":[{"href":"https:\/\/gok.lapszenizne.pl\/index.php?rest_route=\/wp\/v2\/pages"}],"about":[{"href":"https:\/\/gok.lapszenizne.pl\/index.php?rest_route=\/wp\/v2\/types\/page"}],"author":[{"embeddable":true,"href":"https:\/\/gok.lapszenizne.pl\/index.php?rest_route=\/wp\/v2\/users\/1"}],"replies":[{"embeddable":true,"href":"https:\/\/gok.lapszenizne.pl\/index.php?rest_route=%2Fwp%2Fv2%2Fcomments&post=1109"}],"version-history":[{"count":4,"href":"https:\/\/gok.lapszenizne.pl\/index.php?rest_route=\/wp\/v2\/pages\/1109\/revisions"}],"predecessor-version":[{"id":1239,"href":"https:\/\/gok.lapszenizne.pl\/index.php?rest_route=\/wp\/v2\/pages\/1109\/revisions\/1239"}],"wp:attachment":[{"href":"https:\/\/gok.lapszenizne.pl\/index.php?rest_route=%2Fwp%2Fv2%2Fmedia&parent=1109"}],"curies":[{"name":"wp","href":"https:\/\/api.w.org\/{rel}","templated":true}]}}