{"id":1111,"date":"2021-02-04T22:50:37","date_gmt":"2021-02-04T22:50:37","guid":{"rendered":"http:\/\/gok.lapszenizne.pl\/?page_id=1111"},"modified":"2021-08-03T10:04:45","modified_gmt":"2021-08-03T10:04:45","slug":"konkurs-grup-spiewaczych-kategoria-doroslych","status":"publish","type":"page","link":"https:\/\/gok.lapszenizne.pl\/?page_id=1111","title":{"rendered":"Konkurs grup \u015bpiewaczych &#8211; kategoria doros\u0142ych"},"content":{"rendered":"<p style=\"text-align: left;\"><a href=\"http:\/\/gok.lapszenizne.pl\/?page_id=1023\"><span style=\"color: #993300;\"><strong>\u21d0POWR\u00d3T<\/strong><\/span><\/a><\/p>\n<hr \/>\n<p style=\"text-align: center;\"><span style=\"font-size: 20px;\"><strong>Zesp\u00f3\u0142 Hajduki w sk\u0142adzie:<\/strong><\/span><\/p>\n<p style=\"text-align: center;\"><strong> Czes\u0142aw Gryglak, Jerzy Gryglak, \u0141ukasz Gryglak, Karol Krzysik<\/strong><\/p>\n<p style=\"text-align: center;\"><video controls=\"controls\" width=\"600\" height=\"300\" data-mce-fragment=\"1\"><source src=\"http:\/\/gok.lapszenizne.pl\/wp-content\/uploads\/2021\/02\/zwyki2021\/doros\u0142 grupa \u015bpiewacza zespo\u0142u Hajduki.mp4\" type=\"video\/mp4\" \/><\/video><\/p>\n<hr \/>\n<p style=\"text-align: center;\"><strong><span style=\"font-size: 20px;\">\u00a0Zesp\u00f3\u0142 Dolina w sk\u0142adzie:<\/span> <\/strong><\/p>\n<p style=\"text-align: center;\"><strong>Kinga Lorenc, Marta Zygmond, Barbara \u015awiec, Beata Pietraszek, J\u00f3zef Lorenc, Piotr Mo\u015b, Krzysztof Pietraszek<\/strong><\/p>\n<p style=\"text-align: center;\"><video controls=\"controls\" width=\"600\" height=\"300\" data-mce-fragment=\"1\"><source src=\"http:\/\/gok.lapszenizne.pl\/wp-content\/uploads\/2021\/02\/zwyki2021\/doros\u0142a grupa \u015bpiewacza zespo\u0142u Dolina.mp4\" type=\"video\/mp4\" \/><\/video><\/p>\n<hr \/>\n<p style=\"text-align: center;\"><span style=\"font-size: 20px;\"><strong>Zesp\u00f3\u0142 M\u0142ode Hajduki w sk\u0142adzie:<\/strong><\/span><\/p>\n<p style=\"text-align: center;\"><strong> Anna Krzysik, Magdalena Krzysik, Julia Biegun, Sindy Stacho\u0144<\/strong><\/p>\n<p style=\"text-align: center;\"><video controls=\"controls\" width=\"600\" height=\"300\" data-mce-fragment=\"1\"><source src=\"http:\/\/gok.lapszenizne.pl\/wp-content\/uploads\/2021\/02\/zwyki2021\/doros\u0142a grupa \u015bpiewacza zespo\u0142u M\u0142ode Hajduki.mp4\" type=\"video\/mp4\" \/><\/video><\/p>\n<hr \/>\n<p style=\"text-align: left;\"><a href=\"http:\/\/gok.lapszenizne.pl\/?page_id=1023\"><span style=\"color: #993300;\"><strong>\u21d0POWR\u00d3T<\/strong><\/span><\/a><\/p>\n","protected":false},"excerpt":{"rendered":"<p>\u21d0POWR\u00d3T Zesp\u00f3\u0142 Hajduki w sk\u0142adzie: Czes\u0142aw Gryglak, Jerzy Gryglak, \u0141ukasz Gryglak, Karol Krzysik \u00a0Zesp\u00f3\u0142 Dolina w sk\u0142adzie: Kinga Lorenc, Marta Zygmond, Barbara \u015awiec, Beata Pietraszek, J\u00f3zef Lorenc, Piotr Mo\u015b, Krzysztof Pietraszek Zesp\u00f3\u0142 M\u0142ode Hajduki w sk\u0142adzie: Anna Krzysik, Magdalena Krzysik, Julia Biegun, Sindy Stacho\u0144 \u21d0POWR\u00d3T<\/p>\n","protected":false},"author":1,"featured_media":0,"parent":0,"menu_order":0,"comment_status":"closed","ping_status":"closed","template":"","meta":{"footnotes":""},"class_list":["post-1111","page","type-page","status-publish","hentry"],"acf":[],"_links":{"self":[{"href":"https:\/\/gok.lapszenizne.pl\/index.php?rest_route=\/wp\/v2\/pages\/1111","targetHints":{"allow":["GET"]}}],"collection":[{"href":"https:\/\/gok.lapszenizne.pl\/index.php?rest_route=\/wp\/v2\/pages"}],"about":[{"href":"https:\/\/gok.lapszenizne.pl\/index.php?rest_route=\/wp\/v2\/types\/page"}],"author":[{"embeddable":true,"href":"https:\/\/gok.lapszenizne.pl\/index.php?rest_route=\/wp\/v2\/users\/1"}],"replies":[{"embeddable":true,"href":"https:\/\/gok.lapszenizne.pl\/index.php?rest_route=%2Fwp%2Fv2%2Fcomments&post=1111"}],"version-history":[{"count":5,"href":"https:\/\/gok.lapszenizne.pl\/index.php?rest_route=\/wp\/v2\/pages\/1111\/revisions"}],"predecessor-version":[{"id":1237,"href":"https:\/\/gok.lapszenizne.pl\/index.php?rest_route=\/wp\/v2\/pages\/1111\/revisions\/1237"}],"wp:attachment":[{"href":"https:\/\/gok.lapszenizne.pl\/index.php?rest_route=%2Fwp%2Fv2%2Fmedia&parent=1111"}],"curies":[{"name":"wp","href":"https:\/\/api.w.org\/{rel}","templated":true}]}}