{"id":1209,"date":"2021-02-05T13:00:50","date_gmt":"2021-02-05T13:00:50","guid":{"rendered":"http:\/\/gok.lapszenizne.pl\/?page_id=1209"},"modified":"2021-02-05T16:02:09","modified_gmt":"2021-02-05T16:02:09","slug":"zespoly-dzieciece-kategoria-taniec","status":"publish","type":"page","link":"https:\/\/gok.lapszenizne.pl\/?page_id=1209","title":{"rendered":"Zespo\u0142y dzieci\u0119ce &#8211; kategoria taniec"},"content":{"rendered":"<p style=\"text-align: left;\"><a href=\"http:\/\/gok.lapszenizne.pl\/?page_id=1023\"><strong>\u21d0POWR\u00d3T<\/strong><\/a><\/p>\n<hr \/>\n<p style=\"text-align: center;\"><strong>Bystry Potok<\/strong><\/p>\n<p style=\"text-align: center;\"><video controls=\"controls\" width=\"600\" height=\"300\" data-mce-fragment=\"1\"><source src=\"http:\/\/gok.lapszenizne.pl\/wp-content\/uploads\/2021\/02\/zwyki2021\/Bystry Potok - grupa dzieci\u0119ca - ta\u0144ce.mp4\" type=\"video\/mp4\" \/><\/video><\/p>\n<hr \/>\n<p style=\"text-align: center;\"><strong>Ciardasie z Czarnej G\u00f3ry<\/strong><\/p>\n<p style=\"text-align: center;\"><video controls=\"controls\" width=\"600\" height=\"300\" data-mce-fragment=\"1\"><source src=\"http:\/\/gok.lapszenizne.pl\/wp-content\/uploads\/2021\/02\/zwyki2021\/Ciardasie z Czarnej G\u00f3ry - kategoria dzieci\u0119ca - ta\u0144ce.mp4\" type=\"video\/mp4\" \/><\/video><\/p>\n<hr \/>\n<p style=\"text-align: center;\"><strong>Dunajec z Niedzicy<\/strong><\/p>\n<p style=\"text-align: center;\"><video controls=\"controls\" width=\"600\" height=\"300\" data-mce-fragment=\"1\"><source src=\"http:\/\/gok.lapszenizne.pl\/wp-content\/uploads\/2021\/02\/zwyki2021\/Dunajec z Niedzicy - kategoria dzieci\u0119ca- ta\u0144ce.mp4\" type=\"video\/mp4\" \/><\/video><\/p>\n<hr \/>\n<p style=\"text-align: center;\"><strong>Honaj z Dursztyna<\/strong><\/p>\n<p style=\"text-align: center;\"><video controls=\"controls\" width=\"600\" height=\"300\" data-mce-fragment=\"1\"><source src=\"http:\/\/gok.lapszenizne.pl\/wp-content\/uploads\/2021\/02\/zwyki2021\/Honaj z Dursztyna - grupa dzieci\u0119ca - ta\u0144ce.mp4\" type=\"video\/mp4\" \/><\/video><\/p>\n<hr \/>\n<p style=\"text-align: center;\"><strong>Mali Frydmanianie<\/strong><\/p>\n<p style=\"text-align: center;\"><video controls=\"controls\" width=\"600\" height=\"300\" data-mce-fragment=\"1\"><source src=\"http:\/\/gok.lapszenizne.pl\/wp-content\/uploads\/2021\/02\/zwyki2021\/Mali Frydmanianie - kategoria dzieci\u0119ca - ta\u0144ce.mp4\" type=\"video\/mp4\" \/><\/video><\/p>\n<hr \/>\n<p style=\"text-align: left;\"><a href=\"http:\/\/gok.lapszenizne.pl\/?page_id=1023\"><strong>\u21d0POWR\u00d3T<\/strong><\/a><\/p>\n","protected":false},"excerpt":{"rendered":"<p>\u21d0POWR\u00d3T Bystry Potok Ciardasie z Czarnej G\u00f3ry Dunajec z Niedzicy Honaj z Dursztyna Mali Frydmanianie \u21d0POWR\u00d3T<\/p>\n","protected":false},"author":1,"featured_media":0,"parent":0,"menu_order":0,"comment_status":"closed","ping_status":"closed","template":"","meta":{"footnotes":""},"class_list":["post-1209","page","type-page","status-publish","hentry"],"acf":[],"_links":{"self":[{"href":"https:\/\/gok.lapszenizne.pl\/index.php?rest_route=\/wp\/v2\/pages\/1209","targetHints":{"allow":["GET"]}}],"collection":[{"href":"https:\/\/gok.lapszenizne.pl\/index.php?rest_route=\/wp\/v2\/pages"}],"about":[{"href":"https:\/\/gok.lapszenizne.pl\/index.php?rest_route=\/wp\/v2\/types\/page"}],"author":[{"embeddable":true,"href":"https:\/\/gok.lapszenizne.pl\/index.php?rest_route=\/wp\/v2\/users\/1"}],"replies":[{"embeddable":true,"href":"https:\/\/gok.lapszenizne.pl\/index.php?rest_route=%2Fwp%2Fv2%2Fcomments&post=1209"}],"version-history":[{"count":4,"href":"https:\/\/gok.lapszenizne.pl\/index.php?rest_route=\/wp\/v2\/pages\/1209\/revisions"}],"predecessor-version":[{"id":1255,"href":"https:\/\/gok.lapszenizne.pl\/index.php?rest_route=\/wp\/v2\/pages\/1209\/revisions\/1255"}],"wp:attachment":[{"href":"https:\/\/gok.lapszenizne.pl\/index.php?rest_route=%2Fwp%2Fv2%2Fmedia&parent=1209"}],"curies":[{"name":"wp","href":"https:\/\/api.w.org\/{rel}","templated":true}]}}